{"id":296,"date":"2023-05-12T15:17:09","date_gmt":"2023-05-12T12:17:09","guid":{"rendered":"http:\/\/www.kestovaippa.fi\/?page_id=296"},"modified":"2026-02-07T10:45:43","modified_gmt":"2026-02-07T08:45:43","slug":"kestovaipan-kaytto","status":"publish","type":"page","link":"https:\/\/www.ekorreshop.fi\/index.php\/kestovaipan-kaytto\/kestovaipan-kaytto\/","title":{"rendered":"Kestovaipan k\u00e4ytt\u00f6"},"content":{"rendered":"\n<p>Kestovaippa puetaan lapselle kuin mik\u00e4 tahansa vaippa.<\/p>\n\n\n\n<p>Uusi tai kierr\u00e4tetty vaippa pest\u00e4\u00e4n ennen ensimm\u00e4ist\u00e4 k\u00e4ytt\u00f6kertaa.<\/p>\n\n\n\n<p>Kuivuttuaan se puetaan lapselle, ja likaantunut heitet\u00e4\u00e4n pyykkikoriin odottamaan pesua.<\/p>\n\n\n\n<p>Vaipassa on useimmiten 1-3 osaa:<\/p>\n\n\n\n<ul class=\"wp-block-list\">\n<li>all-in-one eli kaikki yhdess\u00e4 paketissa<\/li>\n\n\n\n<li>all-in-two eli kuori plus vaihdettavat imuosat<\/li>\n\n\n\n<li>taskuvaippa eli vedenpit\u00e4v\u00e4 kuori ja sis\u00e4pinta, jotka muodostavat taskun. Taskun sis\u00e4\u00e4n tulee imuosa tai 2-3 imuosaa.<\/li>\n\n\n\n<li>sis\u00e4vaippa, joka on vaipan muotoinen, mutta ainoastaan m\u00e4rki\u00e4 osia; sen p\u00e4\u00e4lle puetaan kuori.<\/li>\n\n\n\n<li>kuorivaippa, joka on vain kosteussulku; sis\u00e4\u00e4n imuja, snap-in-one tai sis\u00e4vaippa.<\/li>\n<\/ul>\n\n\n\n<figure class=\"wp-block-gallery has-nested-images columns-default is-cropped wp-block-gallery-1 is-layout-flex wp-block-gallery-is-layout-flex\">\n<figure class=\"wp-block-image size-large\"><img loading=\"lazy\" decoding=\"async\" width=\"1024\" height=\"426\" data-id=\"378\" src=\"https:\/\/www.ekorreshop.fi\/wp-content\/uploads\/2023\/05\/Brown-Modern-Grand-Opening-Document-A4footer-1024x426.png\" alt=\"\" class=\"wp-image-378\" srcset=\"https:\/\/www.ekorreshop.fi\/wp-content\/uploads\/2023\/05\/Brown-Modern-Grand-Opening-Document-A4footer-1024x426.png 1024w, https:\/\/www.ekorreshop.fi\/wp-content\/uploads\/2023\/05\/Brown-Modern-Grand-Opening-Document-A4footer-600x250.png 600w, https:\/\/www.ekorreshop.fi\/wp-content\/uploads\/2023\/05\/Brown-Modern-Grand-Opening-Document-A4footer-300x125.png 300w, https:\/\/www.ekorreshop.fi\/wp-content\/uploads\/2023\/05\/Brown-Modern-Grand-Opening-Document-A4footer-768x319.png 768w, https:\/\/www.ekorreshop.fi\/wp-content\/uploads\/2023\/05\/Brown-Modern-Grand-Opening-Document-A4footer.png 1414w\" sizes=\"auto, (max-width: 1024px) 100vw, 1024px\" \/><\/figure>\n<\/figure>\n","protected":false},"excerpt":{"rendered":"<p>Kestovaippa puetaan lapselle kuin mik\u00e4 tahansa vaippa. Uusi tai kierr\u00e4tetty vaippa pest\u00e4\u00e4n ennen ensimm\u00e4ist\u00e4 k\u00e4ytt\u00f6kertaa. Kuivuttuaan se puetaan lapselle, ja likaantunut heitet\u00e4\u00e4n pyykkikoriin odottamaan pesua. Vaipassa on useimmiten 1-3 osaa:<\/p>\n","protected":false},"author":1,"featured_media":0,"parent":56,"menu_order":4,"comment_status":"closed","ping_status":"closed","template":"","meta":{"footnotes":""},"class_list":["post-296","page","type-page","status-publish","hentry"],"_links":{"self":[{"href":"https:\/\/www.ekorreshop.fi\/index.php\/wp-json\/wp\/v2\/pages\/296","targetHints":{"allow":["GET"]}}],"collection":[{"href":"https:\/\/www.ekorreshop.fi\/index.php\/wp-json\/wp\/v2\/pages"}],"about":[{"href":"https:\/\/www.ekorreshop.fi\/index.php\/wp-json\/wp\/v2\/types\/page"}],"author":[{"embeddable":true,"href":"https:\/\/www.ekorreshop.fi\/index.php\/wp-json\/wp\/v2\/users\/1"}],"replies":[{"embeddable":true,"href":"https:\/\/www.ekorreshop.fi\/index.php\/wp-json\/wp\/v2\/comments?post=296"}],"version-history":[{"count":7,"href":"https:\/\/www.ekorreshop.fi\/index.php\/wp-json\/wp\/v2\/pages\/296\/revisions"}],"predecessor-version":[{"id":539,"href":"https:\/\/www.ekorreshop.fi\/index.php\/wp-json\/wp\/v2\/pages\/296\/revisions\/539"}],"up":[{"embeddable":true,"href":"https:\/\/www.ekorreshop.fi\/index.php\/wp-json\/wp\/v2\/pages\/56"}],"wp:attachment":[{"href":"https:\/\/www.ekorreshop.fi\/index.php\/wp-json\/wp\/v2\/media?parent=296"}],"curies":[{"name":"wp","href":"https:\/\/api.w.org\/{rel}","templated":true}]}}