{"id":3,"date":"2023-04-13T12:50:26","date_gmt":"2023-04-13T12:50:26","guid":{"rendered":"http:\/\/www.kestovaippa.fi\/?page_id=3"},"modified":"2024-01-19T13:32:54","modified_gmt":"2024-01-19T11:32:54","slug":"privacy-policy","status":"publish","type":"page","link":"https:\/\/www.ekorreshop.fi\/index.php\/privacy-policy\/","title":{"rendered":"Tietosuojaseloste"},"content":{"rendered":"\n<h2 class=\"wp-block-heading\">Keit\u00e4 olemme?<\/h2>\n\n\n\n<p>Osoitteemme on: https:\/\/www.ekorreshop.fi.<\/p>\n\n\n\n<h2 class=\"wp-block-heading\">Kommentit<\/h2>\n\n\n\n<p>Kun vierailijat j\u00e4tt\u00e4v\u00e4t kommentteja sivuillemme, ker\u00e4\u00e4mme kommenttien keruun lomakkeella ilmoitetu tiedot ja IP-osoitteen tiedot. Selaintiedot ker\u00e4t\u00e4\u00e4n my\u00f6s. Ne auttavat ehk\u00e4isem\u00e4\u00e4n roskapostia. <\/p>\n\n\n\n<p>Anonyymisti luotu keskustelu omalla s\u00e4hk\u00f6postillasi (hash) voi tarjota Gravatar. palvelut. Sen tietosuojaseloste on t\u00e4\u00e4ll\u00e4: https:\/\/automattic.com\/privacy\/. Kun kommenttisi on hyv\u00e4ksytty, profiilikuva n\u00e4kyy Gravatarista kommenttiesi yhteydess\u00e4. <\/p>\n\n\n\n<h2 class=\"wp-block-heading\">Media<\/h2>\n\n\n\n<p>Jos lataat kuvia verkkosivustollemme, v\u00e4lt\u00e4 kuviin upotettuja tietoja sijainnista. Jokainen vierailija voi erottaa tiedot sijainnista ja ajasta ym. <\/p>\n\n\n\n<h2 class=\"wp-block-heading\">kuEv\u00e4steet<\/h2>\n\n\n\n<p>Jos j\u00e4t\u00e4t kommentin sivuillemme, voit j\u00e4tt\u00e4\u00e4 my\u00f6s nimen ja s\u00e4hk\u00f6postiosoitteen halutessasi ev\u00e4steisiin. Ne ovat mukavuusev\u00e4steit\u00e4, jotta tietoja ei tarvitse j\u00e4tt\u00e4\u00e4 uudelleen; ev\u00e4steet ovat tallella vuoden ajan. <\/p>\n\n\n\n<p>Kirjautumissivuilla n\u00e4kyy tilap\u00e4inen ev\u00e4ste, jos haluat selvitt\u00e4\u00e4, vaatiiko selaimesi ev\u00e4steit\u00e4. Testiev\u00e4steet h\u00e4vi\u00e4v\u00e4t, kun suljet verkkoselaimen. <\/p>\n\n\n\n<p>Kun kirjaudut sis\u00e4\u00e4n, sivusto asettaa ev\u00e4steit\u00e4 kirjautumistietoihin. Kirjautuessa k\u00e4ytet\u00e4\u00e4n tallenettavia tieoja ja k\u00e4yt\u00f6ss\u00e4 ja n\u00e4yt\u00f6ss\u00e4 toivottuja asetuksia. WordPress s\u00e4ilytt\u00e4\u00e4 ev\u00e4steet kaksi p\u00e4iv\u00e4\u00e4, ja ruudun\/n\u00e4yt\u00f6n preferenssit vuoden ajan. Jos haluat s\u00e4ilytt\u00e4\u00e4 tiedot, kirjautuminen s\u00e4ilyy aktiivisena kaksi viikkoa. Kun kirjaudut ulos, ev\u00e4steet h\u00e4vitet\u00e4\u00e4n ja unohdetaan.<\/p>\n\n\n\n<p>Jos editoit tai julkaiset artikkelin, editointia varten tallennetaan ev\u00e4ste selaimessasi. T\u00e4m\u00e4 ev\u00e4ste ei sis\u00e4ll\u00e4 mit\u00e4\u00e4n henkil\u00f6kohtaista tietoa, ja tallentaa vain julkaisun toimittajan tiedot blogipostissa vuorokauden ajan. <\/p>\n\n\n\n<h2 class=\"wp-block-heading\">Muiden sivustojen upotettu sis\u00e4lt\u00f6<\/h2>\n\n\n\n<p>Jos blogeissa on upotettua sis\u00e4lt\u00f6\u00e4 (kuten videot, kuvat, toiset artikkelit viittauksiin ym.), se toimii samoilla tavoin kuin alkuper\u00e4isell\u00e4 sivulla.<\/p>\n\n\n\n<p>N\u00e4m\u00e4 muut sivustot voivat ker\u00e4t\u00e4 dataa vierailijoista, sinusta, ja k\u00e4ytt\u00e4\u00e4 ev\u00e4steit\u00e4, upottaa lis\u00e4ksi jonkun kolmannen osapuoleln sis\u00e4ll\u00f6n seurantaty\u00f6kaluja, ja seurata k\u00e4ytt\u00f6\u00e4si silloin, kun vierailet upotetun sis\u00e4ll\u00f6n l\u00e4hdesivulla. <\/p>\n\n\n\n<p>Jos haluat uuden salasanan nollaussivulta, se tallentaa IP-osoitteesi samalla. <\/p>\n\n\n\n<h2 class=\"wp-block-heading\">Miten kauan tiedot s\u00e4ilytet\u00e4\u00e4n<\/h2>\n\n\n\n<p>Jos j\u00e4t\u00e4t kommentin, se ja sen metatiedostot s\u00e4ilyv\u00e4t rajattomasti. T\u00e4ll\u00e4 lailla voimme tunnistaa ja hyv\u00e4ksy\u00e4 kommentit suoraan ilman moderaattoreita. <\/p>\n\n\n\n<p>Rekister\u00f6ityneille k\u00e4ytt\u00e4jille sivustomme, kuten mik\u00e4 tahansa sivusto, voi tallentaa joitain tietoja k\u00e4ytt\u00e4j\u00e4n profiilista tai klikkauksista ja k\u00e4yt\u00f6ksest\u00e4. Kaikki k\u00e4ytt\u00e4j\u00e4t voivat muokata tai poistaa omaa tietoaan ja omia tekstej\u00e4\u00e4n, omia henkil\u00f6kohtaisia muokkauksiaan, mutta k\u00e4ytt\u00e4j\u00e4nime\u00e4 ei voi muuttaa. Sivuston yll\u00e4pito voi n\u00e4hd\u00e4 k\u00e4ytt\u00e4j\u00e4tunnukset. <\/p>\n\n\n\n<h2 class=\"wp-block-heading\">Oikeudet omiin tietoihisi <\/h2>\n\n\n\n<p>Jos sinulla on tili t\u00e4h\u00e4n sivustoon, tai olet j\u00e4tt\u00e4nyt kommentteja, voit pyyt\u00e4\u00e4 saada tiedot ladattuna tiedostoon kaikista k\u00e4ytt\u00e4mist\u00e4mme tiedostoista (sis\u00e4lt\u00e4en my\u00f6s meille tuottamasi ja antamasi tiedot). Voit my\u00f6s pyyt\u00e4\u00e4 poistamaan kaikki sinun tuottamasi tiedot. T\u00e4m\u00e4 ei koske hallinnollista, laillista ja tietoturvan kannalta olennaista tietoa. <\/p>\n\n\n\n<h2 class=\"wp-block-heading\">Mihin k\u00e4ytt\u00f6tiedot tallennetaan<\/h2>\n\n\n\n<p>K\u00e4ytt\u00e4jien kommentit voidaan analysoida spam- ja roskapostirobotein toisinaan. <\/p>\n","protected":false},"excerpt":{"rendered":"<p>Keit\u00e4 olemme? Osoitteemme on: https:\/\/www.ekorreshop.fi. Kommentit Kun vierailijat j\u00e4tt\u00e4v\u00e4t kommentteja sivuillemme, ker\u00e4\u00e4mme kommenttien keruun lomakkeella ilmoitetu tiedot ja IP-osoitteen tiedot. Selaintiedot ker\u00e4t\u00e4\u00e4n my\u00f6s. Ne auttavat ehk\u00e4isem\u00e4\u00e4n roskapostia. Anonyymisti luotu keskustelu omalla s\u00e4hk\u00f6postillasi (hash) voi tarjota Gravatar. palvelut. Sen tietosuojaseloste on t\u00e4\u00e4ll\u00e4: https:\/\/automattic.com\/privacy\/. Kun kommenttisi on hyv\u00e4ksytty, profiilikuva n\u00e4kyy Gravatarista kommenttiesi yhteydess\u00e4. Media Jos lataat kuvia [&hellip;]<\/p>\n","protected":false},"author":1,"featured_media":0,"parent":0,"menu_order":6,"comment_status":"closed","ping_status":"closed","template":"","meta":{"footnotes":""},"class_list":["post-3","page","type-page","status-publish","hentry"],"_links":{"self":[{"href":"https:\/\/www.ekorreshop.fi\/index.php\/wp-json\/wp\/v2\/pages\/3","targetHints":{"allow":["GET"]}}],"collection":[{"href":"https:\/\/www.ekorreshop.fi\/index.php\/wp-json\/wp\/v2\/pages"}],"about":[{"href":"https:\/\/www.ekorreshop.fi\/index.php\/wp-json\/wp\/v2\/types\/page"}],"author":[{"embeddable":true,"href":"https:\/\/www.ekorreshop.fi\/index.php\/wp-json\/wp\/v2\/users\/1"}],"replies":[{"embeddable":true,"href":"https:\/\/www.ekorreshop.fi\/index.php\/wp-json\/wp\/v2\/comments?post=3"}],"version-history":[{"count":4,"href":"https:\/\/www.ekorreshop.fi\/index.php\/wp-json\/wp\/v2\/pages\/3\/revisions"}],"predecessor-version":[{"id":530,"href":"https:\/\/www.ekorreshop.fi\/index.php\/wp-json\/wp\/v2\/pages\/3\/revisions\/530"}],"wp:attachment":[{"href":"https:\/\/www.ekorreshop.fi\/index.php\/wp-json\/wp\/v2\/media?parent=3"}],"curies":[{"name":"wp","href":"https:\/\/api.w.org\/{rel}","templated":true}]}}