{"id":560,"date":"2024-04-05T08:40:17","date_gmt":"2024-04-05T05:40:17","guid":{"rendered":"https:\/\/www.ekorreshop.fi\/?page_id=560"},"modified":"2026-02-15T17:12:02","modified_gmt":"2026-02-15T15:12:02","slug":"refund_returns","status":"publish","type":"page","link":"https:\/\/www.ekorreshop.fi\/index.php\/refund_returns\/","title":{"rendered":"Toimitus ja palautukset"},"content":{"rendered":"\n<figure class=\"wp-block-image size-full is-resized\"><img loading=\"lazy\" decoding=\"async\" width=\"512\" height=\"512\" src=\"https:\/\/www.ekorreshop.fi\/wp-content\/uploads\/2024\/01\/cropped-Kopio-Ekorre-shop-logo-1.png\" alt=\"Ekorre shop kestovaipat logo\" class=\"wp-image-546\" style=\"width:167px;height:auto\" srcset=\"https:\/\/www.ekorreshop.fi\/wp-content\/uploads\/2024\/01\/cropped-Kopio-Ekorre-shop-logo-1.png 512w, https:\/\/www.ekorreshop.fi\/wp-content\/uploads\/2024\/01\/cropped-Kopio-Ekorre-shop-logo-1-300x300.png 300w, https:\/\/www.ekorreshop.fi\/wp-content\/uploads\/2024\/01\/cropped-Kopio-Ekorre-shop-logo-1-150x150.png 150w, https:\/\/www.ekorreshop.fi\/wp-content\/uploads\/2024\/01\/cropped-Kopio-Ekorre-shop-logo-1-75x75.png 75w, https:\/\/www.ekorreshop.fi\/wp-content\/uploads\/2024\/01\/cropped-Kopio-Ekorre-shop-logo-1-270x270.png 270w, https:\/\/www.ekorreshop.fi\/wp-content\/uploads\/2024\/01\/cropped-Kopio-Ekorre-shop-logo-1-192x192.png 192w, https:\/\/www.ekorreshop.fi\/wp-content\/uploads\/2024\/01\/cropped-Kopio-Ekorre-shop-logo-1-180x180.png 180w, https:\/\/www.ekorreshop.fi\/wp-content\/uploads\/2024\/01\/cropped-Kopio-Ekorre-shop-logo-1-32x32.png 32w\" sizes=\"auto, (max-width: 512px) 100vw, 512px\" \/><\/figure>\n\n\n\n<p>Kun teet tilauksen, laita lis\u00e4tietoihin, jos haluat tietyn Postin tai Matkahuollon automaatin. <\/p>\n\n\n\n<p>K\u00e4ytt\u00e4m\u00e4tt\u00f6m\u00e4t tuotteet voi palauttaa 30pv tilauksen noutamisp\u00e4iv\u00e4st\u00e4. Jos t\u00e4m\u00e4 aika ylittyy, ota yhteytt\u00e4. K\u00e4ytt\u00e4m\u00e4tt\u00f6m\u00e4t tuotteet hyvitet\u00e4\u00e4n kokonaan. Tuotteiden tulee olla uusia. <\/p>\n\n\n\n<p>Koko tilaus peruutettaessa hyvitet\u00e4\u00e4n my\u00f6s postikulut; jos haluat palauttaa osan, ota yhteytt\u00e4 info (a) ekorreshop.fi ja sovitaan palautuksen l\u00e4hetyksest\u00e4.<\/p>\n\n\n\n<p>Palautukset l\u00e4hetet\u00e4\u00e4n osoitteeseen <\/p>\n\n\n\n<p>T:mi Saija Ekorre-Kebede<br>Tullivuorentie 22B 53<br>00700 Helsinki <br>puh. 044079002<\/p>\n\n\n\n<p>Tuotteissa ei ole erityisi\u00e4 pakkausmateriaaleja, joten palautuksessa voit k\u00e4ytt\u00e4\u00e4 kierr\u00e4tetty\u00e4 tai kotoa l\u00f6ytyv\u00e4\u00e4 pakkausmateriaalia. <\/p>\n\n\n\n<p>Ota yhteytt\u00e4 info( a )ekorreshop.fi tai Whatsapp +358440679002 tapauksissa, joissa ep\u00e4ilet, ett\u00e4 tuote on viallinen tai ett\u00e4 sen kesto on selv\u00e4sti huonompi, kuin odotit. Varastovalmiita tuotteita voi olla mahdollista korvata. <\/p>\n\n\n\n<p>Kun tarkistamme tuotteen, siirr\u00e4mme maksun verkkokauppamme kautta kohti kuluttajaa. Tilisiirto voi my\u00f6s olla mahdollinen joissain tapauksissa. <\/p>\n\n\n\n<p>Jos et ole saanut hyvityst\u00e4 ajallaan, ota yhteytt\u00e4 info (a) ekorreshop.fi rohkeasti!<\/p>\n\n\n\n<p><\/p>\n","protected":false},"excerpt":{"rendered":"<p>Kun teet tilauksen, laita lis\u00e4tietoihin, jos haluat tietyn Postin tai Matkahuollon automaatin. K\u00e4ytt\u00e4m\u00e4tt\u00f6m\u00e4t tuotteet voi palauttaa 30pv tilauksen noutamisp\u00e4iv\u00e4st\u00e4. Jos t\u00e4m\u00e4 aika ylittyy, ota yhteytt\u00e4. K\u00e4ytt\u00e4m\u00e4tt\u00f6m\u00e4t tuotteet hyvitet\u00e4\u00e4n kokonaan. Tuotteiden tulee olla uusia. Koko tilaus peruutettaessa hyvitet\u00e4\u00e4n my\u00f6s postikulut; jos haluat palauttaa osan, ota yhteytt\u00e4 info (a) ekorreshop.fi ja sovitaan palautuksen l\u00e4hetyksest\u00e4. Palautukset l\u00e4hetet\u00e4\u00e4n osoitteeseen [&hellip;]<\/p>\n","protected":false},"author":1,"featured_media":0,"parent":0,"menu_order":0,"comment_status":"closed","ping_status":"closed","template":"","meta":{"footnotes":""},"class_list":["post-560","page","type-page","status-publish","hentry"],"_links":{"self":[{"href":"https:\/\/www.ekorreshop.fi\/index.php\/wp-json\/wp\/v2\/pages\/560","targetHints":{"allow":["GET"]}}],"collection":[{"href":"https:\/\/www.ekorreshop.fi\/index.php\/wp-json\/wp\/v2\/pages"}],"about":[{"href":"https:\/\/www.ekorreshop.fi\/index.php\/wp-json\/wp\/v2\/types\/page"}],"author":[{"embeddable":true,"href":"https:\/\/www.ekorreshop.fi\/index.php\/wp-json\/wp\/v2\/users\/1"}],"replies":[{"embeddable":true,"href":"https:\/\/www.ekorreshop.fi\/index.php\/wp-json\/wp\/v2\/comments?post=560"}],"version-history":[{"count":3,"href":"https:\/\/www.ekorreshop.fi\/index.php\/wp-json\/wp\/v2\/pages\/560\/revisions"}],"predecessor-version":[{"id":886,"href":"https:\/\/www.ekorreshop.fi\/index.php\/wp-json\/wp\/v2\/pages\/560\/revisions\/886"}],"wp:attachment":[{"href":"https:\/\/www.ekorreshop.fi\/index.php\/wp-json\/wp\/v2\/media?parent=560"}],"curies":[{"name":"wp","href":"https:\/\/api.w.org\/{rel}","templated":true}]}}