{"id":621,"date":"2024-04-04T15:15:52","date_gmt":"2024-04-04T12:15:52","guid":{"rendered":"https:\/\/www.ekorreshop.fi\/?page_id=621"},"modified":"2026-02-15T17:28:19","modified_gmt":"2026-02-15T15:28:19","slug":"kanto-helppovaipat","status":"publish","type":"page","link":"https:\/\/www.ekorreshop.fi\/index.php\/kanto-helppovaipat\/","title":{"rendered":"KANTO"},"content":{"rendered":"\n<p>Suomalainen kestovaippa, joka on eurooppalaista tuotantoa. <\/p>\n\n\n\n<p>Bonus: helppo k\u00e4ytt\u00e4\u00e4 ja pest\u00e4, ja valkoinen kuosi sopii kaikkiin vaatteisiin. Kanto-vaipat sopivat kotiin ja hoitajille! <\/p>\n\n\n\n<p>Taskuvaippa ei sis\u00e4ll\u00e4 imuosaa, vaan siihen on ostettava erikseen tai k\u00e4ytett\u00e4v\u00e4 kotoa l\u00f6ytyv\u00e4\u00e4 imumateriaalia taskun sis\u00e4\u00e4n laitettuna.<\/p>\n\n\n\n<p>All-in-One on valmiiksi imuun yhdistetty taskuvaippa eli selkovaippa. Sen imu on ommeltu taskun reunaan niin, ett\u00e4 pesusta tullessa on vaipassa sen oma imu kiinni. <\/p>\n\n\n\n<p>Imun voi j\u00e4tt\u00e4\u00e4 vaipan p\u00e4\u00e4lle, luomupuuvilla ihoa vasten, tai taskun sis\u00e4\u00e4n, jolloin vaipasta tulee kuivapintainen.<\/p>\n\n\n\n<p>All-in-One-vaipan oma imu riitt\u00e4\u00e4 yksin\u00e4\u00e4n keskim\u00e4\u00e4rin 1,5-3h vaihtov\u00e4leille, ja taskussa on reilusti tilaa lis\u00e4imuille kasvaviin tarpeisiin. Kanto-imun voi ostaa my\u00f6s erikseen. <\/p>\n\n\n\n<p>Lis\u00e4imut voi ostaa my\u00f6hemmin, jos ei osaa arvioida etuk\u00e4teen. Kotoa l\u00f6ytyvi\u00e4 harsoja tai vastaavia k\u00e4sipyyhkeit\u00e4, laudeliinoja voi k\u00e4ytt\u00e4\u00e4 h\u00e4t\u00e4varana. <\/p>\n\n\n\n<p>Materiaalit: eurooppalainen PUL, italialainen fleece, kotimainen puuvillatrikoo tai kotimainen puuvillafrotee (malleissa on eroja rakenteessa). <\/p>\n\n\n\n<figure class=\"wp-block-image aligncenter size-full is-resized\"><img loading=\"lazy\" decoding=\"async\" width=\"1000\" height=\"350\" src=\"https:\/\/www.ekorreshop.fi\/wp-content\/uploads\/2024\/01\/cropped-Floral-Spring-Sale-Facebook-Cover4.png\" alt=\"\" class=\"wp-image-857\" style=\"width:350px;height:auto\" srcset=\"https:\/\/www.ekorreshop.fi\/wp-content\/uploads\/2024\/01\/cropped-Floral-Spring-Sale-Facebook-Cover4.png 1000w, https:\/\/www.ekorreshop.fi\/wp-content\/uploads\/2024\/01\/cropped-Floral-Spring-Sale-Facebook-Cover4-600x210.png 600w, https:\/\/www.ekorreshop.fi\/wp-content\/uploads\/2024\/01\/cropped-Floral-Spring-Sale-Facebook-Cover4-300x105.png 300w, https:\/\/www.ekorreshop.fi\/wp-content\/uploads\/2024\/01\/cropped-Floral-Spring-Sale-Facebook-Cover4-768x269.png 768w\" sizes=\"auto, (max-width: 1000px) 100vw, 1000px\" \/><\/figure>\n","protected":false},"excerpt":{"rendered":"<p>Suomalainen kestovaippa, joka on eurooppalaista tuotantoa. Bonus: helppo k\u00e4ytt\u00e4\u00e4 ja pest\u00e4, ja valkoinen kuosi sopii kaikkiin vaatteisiin. Kanto-vaipat sopivat kotiin ja hoitajille! Taskuvaippa ei sis\u00e4ll\u00e4 imuosaa, vaan siihen on ostettava erikseen tai k\u00e4ytett\u00e4v\u00e4 kotoa l\u00f6ytyv\u00e4\u00e4 imumateriaalia taskun sis\u00e4\u00e4n laitettuna. All-in-One on valmiiksi imuun yhdistetty taskuvaippa eli selkovaippa. Sen imu on ommeltu taskun reunaan niin, ett\u00e4 [&hellip;]<\/p>\n","protected":false},"author":1,"featured_media":0,"parent":0,"menu_order":2,"comment_status":"closed","ping_status":"closed","template":"","meta":{"footnotes":""},"class_list":["post-621","page","type-page","status-publish","hentry"],"_links":{"self":[{"href":"https:\/\/www.ekorreshop.fi\/index.php\/wp-json\/wp\/v2\/pages\/621","targetHints":{"allow":["GET"]}}],"collection":[{"href":"https:\/\/www.ekorreshop.fi\/index.php\/wp-json\/wp\/v2\/pages"}],"about":[{"href":"https:\/\/www.ekorreshop.fi\/index.php\/wp-json\/wp\/v2\/types\/page"}],"author":[{"embeddable":true,"href":"https:\/\/www.ekorreshop.fi\/index.php\/wp-json\/wp\/v2\/users\/1"}],"replies":[{"embeddable":true,"href":"https:\/\/www.ekorreshop.fi\/index.php\/wp-json\/wp\/v2\/comments?post=621"}],"version-history":[{"count":10,"href":"https:\/\/www.ekorreshop.fi\/index.php\/wp-json\/wp\/v2\/pages\/621\/revisions"}],"predecessor-version":[{"id":895,"href":"https:\/\/www.ekorreshop.fi\/index.php\/wp-json\/wp\/v2\/pages\/621\/revisions\/895"}],"wp:attachment":[{"href":"https:\/\/www.ekorreshop.fi\/index.php\/wp-json\/wp\/v2\/media?parent=621"}],"curies":[{"name":"wp","href":"https:\/\/api.w.org\/{rel}","templated":true}]}}