{"id":69,"date":"2023-04-17T17:06:07","date_gmt":"2023-04-17T17:06:07","guid":{"rendered":"http:\/\/www.kestovaippa.fi\/?page_id=69"},"modified":"2025-05-01T14:16:32","modified_gmt":"2025-05-01T11:16:32","slug":"kunto","status":"publish","type":"page","link":"https:\/\/www.ekorreshop.fi\/index.php\/kestovaipan-kaytto\/kunto\/","title":{"rendered":"Kunto"},"content":{"rendered":"\n<p>Vaipat ovat uusia ensi alkuun, mutta ne ik\u00e4\u00e4ntyv\u00e4t omassa kotona, tai usein voi ostaa k\u00e4ytettyn\u00e4 kirpparilta (liven\u00e4 tai netist\u00e4). Paras vaippa on tietysti hyv\u00e4kuntoinen, sen lis\u00e4ksi, ett\u00e4 se istuu p\u00e4\u00e4lle.<\/p>\n\n\n\n<p>Kestovaippa ei ole ikuinen, vaan sen k\u00e4ytt\u00f6ik\u00e4 riippuu paljon pesurutiinista, lapsen p\u00e4\u00e4st\u00f6jen voimakkuudesta, pesuvedest\u00e4, pesuaineiden puhdistavuudesta ja siit\u00e4, miten pitk\u00e4\u00e4n vaippoja s\u00e4ilytt\u00e4\u00e4 pesujen v\u00e4lill\u00e4. Pitk\u00e4 s\u00e4ilytys voi hapertaa, ja toisinaan pesuv\u00e4lit t\u00e4ytyy pit\u00e4\u00e4 lyhyin\u00e4 esim. hajujen takia, joten yksitt\u00e4ist\u00e4 nyrkkis\u00e4\u00e4nt\u00f6\u00e4 ei ole. <\/p>\n\n\n\n<p>Klikkaa t\u00e4st\u00e4 eri sivuille: <a href=\"http:\/\/www.ekorreshop.fi\/index.php\/kestovaipan-kaytto\/sailytys\/\" data-type=\"link\" data-id=\"www.ekorreshop.fi\/index.php\/kestovaipan-kaytto\/kunto\/\">vaipan s\u00e4ilytys<\/a>; <a href=\"http:\/\/www.ekorreshop.fi\/index.php\/kestovaipan-kaytto\/\">vaipan k\u00e4ytt\u00f6<\/a>; <a href=\"http:\/\/www.ekorreshop.fi\/index.php\/hyvin-istuva-vaippa\/\" data-type=\"link\" data-id=\"www.ekorreshop.fi\/index.php\/hyvin-istuva-vaippa\/\">vaipan istuvuus<\/a>; ja <a href=\"http:\/\/www.ekorreshop.fi\/index.php\/kestovaipan-kaytto\/pesu\/\">vaipan pesu<\/a>.<\/p>\n\n\n\n<p><strong>Ik\u00e4\u00e4ntyneen vaipan tulee t\u00e4ytt\u00e4\u00e4 seuraavat kriteerit yht\u00e4 lailla kuin uudenkin:<\/strong><\/p>\n\n\n\n<ol class=\"wp-block-list\">\n<li>Vaipan tulee istua hyvin reisist\u00e4 ja vy\u00f6t\u00e4r\u00f6lt\u00e4.<\/li>\n\n\n\n<li>Jos vaipassa on kuminauhat, niiden jouston tulee olla kunnossa; l\u00f6ys\u00e4 vaippa tippuu p\u00e4\u00e4lt\u00e4 ja falskaa reisist\u00e4.<\/li>\n\n\n\n<li>Jos vaipassa on muovitettu pinta, sen tulee pit\u00e4\u00e4 kosteutta. Voit valuttaa v\u00e4h\u00e4n vett\u00e4 (1-3rkl) sis\u00e4\u00e4n, ja sen ei pit\u00e4isi tihkua pistein\u00e4 ulosp\u00e4in vaipan keskiosasta.  <\/li>\n\n\n\n<li>Jos vaipassa on neppareita, niiden pit\u00e4\u00e4 tarttua vastakappaleeseensa.<\/li>\n\n\n\n<li>Jos vaipassa on tarrat, niiden pit\u00e4\u00e4 tarttua vastakappaleeseensa. <\/li>\n<\/ol>\n\n\n\n<div class=\"wp-block-media-text alignwide is-stacked-on-mobile\"><figure class=\"wp-block-media-text__media\"><img loading=\"lazy\" decoding=\"async\" width=\"1024\" height=\"768\" src=\"https:\/\/www.ekorreshop.fi\/wp-content\/uploads\/2024\/01\/Kanto-sisavaippa-1024x768.jpg\" alt=\"\" class=\"wp-image-509 size-full\" srcset=\"https:\/\/www.ekorreshop.fi\/wp-content\/uploads\/2024\/01\/Kanto-sisavaippa-1024x768.jpg 1024w, https:\/\/www.ekorreshop.fi\/wp-content\/uploads\/2024\/01\/Kanto-sisavaippa-600x450.jpg 600w, https:\/\/www.ekorreshop.fi\/wp-content\/uploads\/2024\/01\/Kanto-sisavaippa-300x225.jpg 300w, https:\/\/www.ekorreshop.fi\/wp-content\/uploads\/2024\/01\/Kanto-sisavaippa-768x576.jpg 768w, https:\/\/www.ekorreshop.fi\/wp-content\/uploads\/2024\/01\/Kanto-sisavaippa-1536x1152.jpg 1536w, https:\/\/www.ekorreshop.fi\/wp-content\/uploads\/2024\/01\/Kanto-sisavaippa-1140x855.jpg 1140w, https:\/\/www.ekorreshop.fi\/wp-content\/uploads\/2024\/01\/Kanto-sisavaippa.jpg 1612w\" sizes=\"auto, (max-width: 1024px) 100vw, 1024px\" \/><\/figure><div class=\"wp-block-media-text__content\">\n<p>Vanhentunut vaippa lakkaa pysym\u00e4st\u00e4 muodossaan, ei pid\u00e4 vauvan tuotoksia sis\u00e4ll\u00e4, ja alkaa tihkuttaa l\u00e4pi vett\u00e4 sis\u00e4\u00e4n sulkevista osista. <\/p>\n\n\n\n<p><strong>Voit l\u00e4hett\u00e4\u00e4 meille kuvia tai tiiviiksi pakattuja videoita vaipoistasi<\/strong>, jos et ole varma niiden kunnosta. Olipa syy sitten vaipan k\u00e4ytt\u00f6ik\u00e4, se on kirpputoriostos, tai olet myym\u00e4ss\u00e4 vanhat vaipat pois, laita postia! Ota kuva vaipasta lapsen p\u00e4\u00e4ll\u00e4 ja vaippa nurin p\u00e4in k\u00e4\u00e4nnettyn\u00e4. <br>Osoite: info@ekorreshop.fi.  <\/p>\n\n\n\n<p><strong>Joskus vaippa falskaa siksi, ett\u00e4 sen malli ei ole hyv\u00e4 alkujaan, tai sen sis\u00e4ll\u00e4 olevat imutehot eiv\u00e4t riit\u00e4 lapselle. <\/strong><br>Ne eiv\u00e4t liity kohtaan &#8221;kunto&#8221;, vaan &#8221;UKK ja helpot niksit&#8221;. Voit l\u00e4hett\u00e4\u00e4 meille t\u00e4h\u00e4n osoitteeseen siksi kuvia vaipasta lapsen p\u00e4\u00e4ll\u00e4, jos mietit, sopiiko malli. Ekorreshop on myynyt my\u00f6s kierr\u00e4tettyj\u00e4 vaippoja ja on asiantuntija vaippojen korjauksessa. <\/p>\n<\/div><\/div>\n","protected":false},"excerpt":{"rendered":"<p>Vaipat ovat uusia ensi alkuun, mutta ne ik\u00e4\u00e4ntyv\u00e4t omassa kotona, tai usein voi ostaa k\u00e4ytettyn\u00e4 kirpparilta (liven\u00e4 tai netist\u00e4). Paras vaippa on tietysti hyv\u00e4kuntoinen, sen lis\u00e4ksi, ett\u00e4 se istuu p\u00e4\u00e4lle. Kestovaippa ei ole ikuinen, vaan sen k\u00e4ytt\u00f6ik\u00e4 riippuu paljon pesurutiinista, lapsen p\u00e4\u00e4st\u00f6jen voimakkuudesta, pesuvedest\u00e4, pesuaineiden puhdistavuudesta ja siit\u00e4, miten pitk\u00e4\u00e4n vaippoja s\u00e4ilytt\u00e4\u00e4 pesujen v\u00e4lill\u00e4. Pitk\u00e4 [&hellip;]<\/p>\n","protected":false},"author":1,"featured_media":0,"parent":56,"menu_order":1,"comment_status":"closed","ping_status":"closed","template":"","meta":{"footnotes":""},"class_list":["post-69","page","type-page","status-publish","hentry"],"_links":{"self":[{"href":"https:\/\/www.ekorreshop.fi\/index.php\/wp-json\/wp\/v2\/pages\/69","targetHints":{"allow":["GET"]}}],"collection":[{"href":"https:\/\/www.ekorreshop.fi\/index.php\/wp-json\/wp\/v2\/pages"}],"about":[{"href":"https:\/\/www.ekorreshop.fi\/index.php\/wp-json\/wp\/v2\/types\/page"}],"author":[{"embeddable":true,"href":"https:\/\/www.ekorreshop.fi\/index.php\/wp-json\/wp\/v2\/users\/1"}],"replies":[{"embeddable":true,"href":"https:\/\/www.ekorreshop.fi\/index.php\/wp-json\/wp\/v2\/comments?post=69"}],"version-history":[{"count":15,"href":"https:\/\/www.ekorreshop.fi\/index.php\/wp-json\/wp\/v2\/pages\/69\/revisions"}],"predecessor-version":[{"id":833,"href":"https:\/\/www.ekorreshop.fi\/index.php\/wp-json\/wp\/v2\/pages\/69\/revisions\/833"}],"up":[{"embeddable":true,"href":"https:\/\/www.ekorreshop.fi\/index.php\/wp-json\/wp\/v2\/pages\/56"}],"wp:attachment":[{"href":"https:\/\/www.ekorreshop.fi\/index.php\/wp-json\/wp\/v2\/media?parent=69"}],"curies":[{"name":"wp","href":"https:\/\/api.w.org\/{rel}","templated":true}]}}