{"id":71,"date":"2023-04-17T17:08:17","date_gmt":"2023-04-17T17:08:17","guid":{"rendered":"http:\/\/www.kestovaippa.fi\/?page_id=71"},"modified":"2024-04-05T08:59:55","modified_gmt":"2024-04-05T05:59:55","slug":"ukk-ja-helpot-niksit","status":"publish","type":"page","link":"https:\/\/www.ekorreshop.fi\/index.php\/ukk-ja-helpot-niksit\/","title":{"rendered":"UKK ja helpot niksit"},"content":{"rendered":"\n<p><strong>Miksi imukyky ei riit\u00e4?<\/strong><br>Vaippa tarvitsee lis\u00e4\u00e4 t\u00e4ytett\u00e4.<br>Vaippakoko on liian pieni, tai vaipan malli liian kapea.<br>Vaipan imuosan kohta on liian lattea tehokkaan imupaketin asetteluun; vaippa on parhaimmillaan sis\u00e4lt\u00e4 kovera, ulkoa kupera.<br><\/p>\n\n\n\n<p>Liian leve\u00e4t imut kapeassa taskussa k\u00e4\u00e4nt\u00e4v\u00e4t sis\u00e4pinnan ulosp\u00e4in ja ovat leve\u00e4mm\u00e4t kuin kosteudenpit\u00e4v\u00e4 pul-kangas. Imuja saa olla kerroksittain eri materiaaleja, jos lapsi kastelee runsaasti. <\/p>\n\n\n\n<p>Parhaiten luonnonkuituiset, joiden sekoituksella kesken\u00e4\u00e4n ei ole niin paljon merkityst\u00e4 kuin niiden rakenteella. Kevyt ja onteloinen ei ole yht\u00e4 tehokas kuin tiivis ja college, jopa vilttim\u00e4inen.<br><\/p>\n\n\n\n<p>Vaipan teho koostuu sen kyvyst\u00e4 ime\u00e4 nestett\u00e4 (ja pit\u00e4\u00e4 kakka sis\u00e4ll\u00e4, palleroita tai spruittauksia tai yhdistelmi\u00e4). Ensimm\u00e4iseksi imu: imutehoa saa eri materiaaleilla. Niit\u00e4 on valmistettu joko kapean suorakaition muotoisia, tiimalasin muotoisia tai kahteen-kolmeen taitettavia neli\u00f6it\u00e4. Materiaalin tiiviys ratkaisee l\u00e4hes yht\u00e4 paljon kuin materiaali; luonnonkuituiset kuten puuvilla, bambu ja hamppu ovat tiiviin\u00e4 neuloksena parhaimpia, ja evolon on eritt\u00e4in ohut ja ei purista ulos mit\u00e4\u00e4n.<\/p>\n\n\n\n<p>Imu tarvitsee hieman l\u00f6ys\u00e4\u00e4 tilaa kaapata kaiken, ja sen tulee asettua riitt\u00e4v\u00e4n hyvin ruumiin muotoja mukaillen lapsen ymp\u00e4rille. Jos vaippaa joutuu kovin paljon asettelemaan, vet\u00e4m\u00e4\u00e4n, kuminauhoja asettelemaan sinne-t\u00e4nne tai se ei pysy nivusissa, vaippa venyy jostain kohtaa ja painaa imun puristuksiin tai valuttaa kaiken ulos.<\/p>\n\n\n\n<p>Vaipan koko voi olla liian iso, tai hyvin usein liian pieni. Vaippa n\u00e4ytt\u00e4\u00e4 istuvan &#8221;kivasti&#8221;, mutta isompi koko tarjoaisi imuille ja vaipan muille osille v\u00e4ljemm\u00e4n ja rennomman olotilan. Se parantaa tehoa.<\/p>\n\n\n\n<p>Joskus sis\u00e4pinnan materiaali vaikuttaa siihen, miten hyvin kyseisen lapsen tuotokset vaipan imuosiin menev\u00e4t. Osalle sopii kuivapintainen paremmin, koska se ei johda nestett\u00e4 vaatteisiin; osalle sopii m\u00e4rk\u00e4pintainen, koska se asettuu tiiviimmin imuosaa vasten.<\/p>\n\n\n\n<p><em>Kuivia:<\/em> mikrofleece, polyestermokka, coolmax.<br><em>M\u00e4rki\u00e4:<\/em> puuvillavaippa, puuvillatrikoo, bambusekoite ja hamppusekoite.<\/p>\n\n\n\n<p><strong>Mit\u00e4 teen, jos ihottumaa tai hiiva?<\/strong><br>90 pesu k\u00e4y kaikelle muulle, paitsi silkille ja villalle. <br>Silkkinen hoitoliina voi my\u00f6s auttaa, koska se hoitaa ja antaa ihon omalle puolustuskyvylle tilaa. <br>Toisinaan voi tarvita kuivan pinnan (fleece, polymokka, coolmax), toisinaan m\u00e4rk\u00e4pintaisen tai t\u00e4ysin luonnonkuituisen vaipan (puuvilla, bambu, hamppu. <br>Tarvittaessa apteekin voide ja l\u00e4\u00e4k\u00e4rin ohje. <br>Osalle k\u00e4y talkki (sen huonot puolet ovat tiedossa muualla), tai perunajauho, joka t\u00e4rkkelyksen\u00e4 voi ruokkia hiivakasvustoa. <\/p>\n\n\n\n<p><strong>Miksi tahra ei l\u00e4hde? <\/strong><br>Vaipassa voi olla sellainen pinta, ett\u00e4 tahra tarttuu helpommin. Joskus coolmax, fleece ja polymokka tartuttavat tahroja, koska kangas ei ime vett\u00e4 (ja pesussa tahra ei saa pesuainetta ja hankausta tarpeeksi). <br><br>Vaipan tahrat voivat olla vatsan liikkeiden johdosta tiukempia. Esim. marjat, refluksi ja rautalis\u00e4t tai rautapitoinen kakka j\u00e4tt\u00e4v\u00e4t tahroja tiukasti. <br><br>Asiat, joilla tahroija voi valkaista, miedosta kovempaan. Kokeile ensin mietoja ja siirry vahvempaan vain, jos ei l\u00e4hde. <br>1) auringonvalo, 2) sappisaippua tai sitruunasaippua, 3) sonett-, ecodoo- tai vanish- tyyppiset valkaisuaineet tehosteena, 4) Allegro-pesuaineen tehostaja, 5) kloriitilla valkaiseminen (t\u00e4m\u00e4 ei v\u00e4ltt\u00e4m\u00e4tt\u00e4 sovi kaikille materiaaleille). <br><br>Ekorren yll\u00e4pit\u00e4j\u00e4 on kierr\u00e4tt\u00e4nyt vaippoja kotiin sadoista kodeista, kaikilla mahdollisilla materiaaleilla, ja osan tahroihin riitt\u00e4\u00e4 2h auringonvaloa, osaan ei riit\u00e4 edes 2 viikkoa. Joskus kakka on meid\u00e4nkin voittajamme. <\/p>\n\n\n\n<p><strong>Miksi kuiva vaippa haisee? <\/strong><br>Vaipan materiaali ei puhdistu kunnolla. Syit\u00e4 voivat olla: <br>Tarvitaan esipesuksi 30-40 asteen ohjelma puolella annostelulla ainetta.<br>Tarvitaan korkeampi l\u00e4mp\u00f6tila (90 asteen pesu).<br>Tarvitaan tihe\u00e4mpi pesuv\u00e4li (esim. 4-5pv voi olla liian pitk\u00e4).<br>Vaippojen imut ovat kyll\u00e4\u00e4ntyneet eli liian t\u00e4ynn\u00e4, kun vaippa riisutaan ja j\u00e4tet\u00e4\u00e4n kuivumaan likasankoon. Palaa kohtaan 1, esipesu 30-40 asteessa (vaipat kastuvat, ja imev\u00e4t vett\u00e4, joten pesuaine tarttuu seuraavassa pesussa). <br>S\u00e4ilytys on liian tiivis: vaipat pakkautuvat tiiviiksi m\u00f6ykyksi, ja alimpiin tarttuu kaikki mahdollinen uusien tullessa p\u00e4\u00e4lle. <br>Pesuaine ei sovi; voit joutua vaihtamaan saman aineen pulveriin, nesteeseen, tai eri merkkiin. T\u00e4m\u00e4 riippuu hyvin monesta tekij\u00e4st\u00e4, ei pelk\u00e4st\u00e4 vedenlaadusta tai pyykkikoneesta tai talon putkistosta, vaan mukana on ripaus arvailua. <\/p>\n\n\n\n<p><strong>Miksi likavaipan haju on kamala? <\/strong><br>Joskus vaipan haju \u00e4ityy kamalaksi heti, kun siihen osuu pienikin pissa. Se ei ole silloin puhdistunut edellisess\u00e4 pesussa riitt\u00e4v\u00e4sti, ja kastuessaan aktivoi kaikki pinttym\u00e4t. <br>Vaippaan on j\u00e4\u00e4nyt puhdistumattomia osia tai haju on pinttynyt, koska ei tehty esipesua. Laita pieni tai keskisuuruinen imuosa lis\u00e4\u00e4, ja kyll\u00e4\u00e4ntyminen purkautuu. <br>Vaippa voi olla pesty 60-90 asteessa liian likaisena ja l\u00e4peens\u00e4 kyll\u00e4\u00e4ntyneen\u00e4; hajut pinttyv\u00e4t. <br>Vaippa on s\u00e4ilytetty liian tiiviisti, ja pesty ja vauvan p\u00e4\u00e4lle puettu vaippa on valmiiksi ummehtunut.<br>Palaa siis kohtaan &#8221;miksi puhdas vaippa haisee&#8221; ja likavaippojen hajut alkavat muuttua kohtuullisempaan suuntaan! <br>Joskus kakka ja pissa voittavat meid\u00e4t silti, ja joudumme keskittym\u00e4\u00e4n eniten &#8221;miten saan vaipat pesusta raikkaina ulos&#8221;. <\/p>\n\n\n\n<p><strong>Miksi vaipan pukeminen toimivasti on vaikeaa?<\/strong> <br>Vaippa voi olla huonokuntoinen, eli tarrat, nepparit tai kuminauhat ovat jo k\u00e4ym\u00e4ss\u00e4 tiens\u00e4 p\u00e4\u00e4h\u00e4n. <br>Usein vaippa on osiltaan onneksi ihan hyv\u00e4, mutta malli vaan ei sovi omalle lapselle. <br>Neuvojat kertovat, laita tiukemmalle, kun tarvitaan l\u00f6ys\u00e4\u00e4; tai neuvotaan, l\u00f6ysenn\u00e4 tuosta, kun tarvittaisiin kire\u00e4mp\u00e4\u00e4. <br>Menisik\u00f6 vaippa paremmin vy\u00f6t\u00e4r\u00f6 ylemp\u00e4n\u00e4, tai alempana? <br>Voisiko lapselle sopia isompi koko, vai pienempi koko paremmin? <br>Systeeminne voi olla vain kesken\u00e4\u00e4n ep\u00e4sopiva, tai imut niin hankalaan malliset taskuvaippaan, ett\u00e4 vaipan pukeminen vaatii asettelua. Kapea vaippa ja paksut imut, tai iso vaippa ja kapearakenteiset imut ovat riskialttiimpia menem\u00e4\u00e4n p\u00e4\u00e4lle vinosti. <br>Onko vaipassa liian monta osaa? Joskus AIO- tai Snap-in-One (nepparilla kiinni) vaippa ei toimi, koska vaipan imut py\u00f6riv\u00e4t ulos vaipasta.<br>Toisilla ei sovi taskuvaippa, koska se vaatii paljon imuja pienell\u00e4 pinta-alalla. Heille on helpompi laittaa sis\u00e4vaippa, (antaa vauvan juosta ymp\u00e4ri taloa muutama minuutti) ja pukea sen p\u00e4\u00e4lle villa- tai laminoitu kangaskuori. <br>Lopullinen tuomio&#8230; sellaista emme omista! Lapsi ja suolistot yll\u00e4tt\u00e4v\u00e4t jopa pahimmat konkarit. <\/p>\n\n\n\n<p><strong>Miksi vaipan kokoaminen on vaikeaa? <\/strong><br>Vaippanne kokoelma ei ole riitt\u00e4v\u00e4n helppo. Osalle on ihastuttavaa koota vaipat kaikenlaisista pikkuimuista tarkkaan, toisille taas on ihaninta se, ett\u00e4 vaipassa on mieluiten vain yksi osa. <br>Vaipan systeemi voi olla liian ohut, ja siksi vaippa vuotaa ilman asetteluja, tai pit\u00e4\u00e4 mietti\u00e4 lis\u00e4tehosteita ym. Hieman paksummat imuosat ratkaisevat ongelmat. <br>Jos imut ovat liian ohuita, niit\u00e4 pit\u00e4\u00e4 1-3 sijasta laittaa 2-6kpl. Jos n\u00e4in on, tehokkaampia imuja 2-3 kpl on sulavampi ratkaisu kuin 4-6 imua. <br>Joskus on helpompi laittaa sis\u00e4vaippa, jossa koko vaipan pinta-ala imee. Sen p\u00e4\u00e4lle kuorivaippa, pull-ups tai villahousut pit\u00e4\u00e4 nesteen ja kaiken sis\u00e4ll\u00e4\u00e4n. <br><br>Joskus pit\u00e4\u00e4 vain kokeilla. Helpon kuuloinen ratkaisu voi k\u00e4yt\u00e4nn\u00f6ss\u00e4 olla ep\u00e4sopiva, ja taas vaikeaksi luulemansa &#8221;viritys&#8221; istuu helposti kuin sukka. <\/p>\n\n\n\n<p><strong>Miten hoidan villahousut? <\/strong>(tulossa: pesu, lanoliinitus, tuuletus)<\/p>\n","protected":false},"excerpt":{"rendered":"<p>Miksi imukyky ei riit\u00e4?Vaippa tarvitsee lis\u00e4\u00e4 t\u00e4ytett\u00e4.Vaippakoko on liian pieni, tai vaipan malli liian kapea.Vaipan imuosan kohta on liian lattea tehokkaan imupaketin asetteluun; vaippa on parhaimmillaan sis\u00e4lt\u00e4 kovera, ulkoa kupera. Liian leve\u00e4t imut kapeassa taskussa k\u00e4\u00e4nt\u00e4v\u00e4t sis\u00e4pinnan ulosp\u00e4in ja ovat leve\u00e4mm\u00e4t kuin kosteudenpit\u00e4v\u00e4 pul-kangas. Imuja saa olla kerroksittain eri materiaaleja, jos lapsi kastelee runsaasti. Parhaiten [&hellip;]<\/p>\n","protected":false},"author":1,"featured_media":0,"parent":0,"menu_order":5,"comment_status":"closed","ping_status":"closed","template":"","meta":{"footnotes":""},"class_list":["post-71","page","type-page","status-publish","hentry"],"_links":{"self":[{"href":"https:\/\/www.ekorreshop.fi\/index.php\/wp-json\/wp\/v2\/pages\/71","targetHints":{"allow":["GET"]}}],"collection":[{"href":"https:\/\/www.ekorreshop.fi\/index.php\/wp-json\/wp\/v2\/pages"}],"about":[{"href":"https:\/\/www.ekorreshop.fi\/index.php\/wp-json\/wp\/v2\/types\/page"}],"author":[{"embeddable":true,"href":"https:\/\/www.ekorreshop.fi\/index.php\/wp-json\/wp\/v2\/users\/1"}],"replies":[{"embeddable":true,"href":"https:\/\/www.ekorreshop.fi\/index.php\/wp-json\/wp\/v2\/comments?post=71"}],"version-history":[{"count":20,"href":"https:\/\/www.ekorreshop.fi\/index.php\/wp-json\/wp\/v2\/pages\/71\/revisions"}],"predecessor-version":[{"id":697,"href":"https:\/\/www.ekorreshop.fi\/index.php\/wp-json\/wp\/v2\/pages\/71\/revisions\/697"}],"wp:attachment":[{"href":"https:\/\/www.ekorreshop.fi\/index.php\/wp-json\/wp\/v2\/media?parent=71"}],"curies":[{"name":"wp","href":"https:\/\/api.w.org\/{rel}","templated":true}]}}