{"id":80,"date":"2023-04-18T06:31:37","date_gmt":"2023-04-18T06:31:37","guid":{"rendered":"http:\/\/www.kestovaippa.fi\/?page_id=80"},"modified":"2025-05-01T14:18:10","modified_gmt":"2025-05-01T11:18:10","slug":"hyvin-istuva-vaippa","status":"publish","type":"page","link":"https:\/\/www.ekorreshop.fi\/index.php\/hyvin-istuva-vaippa\/","title":{"rendered":"Hyvin istuva vaippa"},"content":{"rendered":"\n<p>Millainen on hyv\u00e4 vaippa? Vaippa istuu hyvin silloin, kun se on paikallaan ja toimii vuotamatta. Jos sinulla on kysytt\u00e4v\u00e4\u00e4 oman lapsesi vaipoista, laita viesti\u00e4 info @ ekorreshop.fi.<\/p>\n\n\n\n<p>Hyv\u00e4n vaipan vatsa on sellainen, ett\u00e4 se istuu k\u00e4ytt\u00e4j\u00e4n vy\u00f6t\u00e4r\u00f6lle joko kapeana tai leve\u00e4n\u00e4 niin, ett\u00e4 pukiessa ei tarvi lis\u00e4huomioita ja erityist\u00e4 s\u00e4\u00e4t\u00f6\u00e4 joka vaihtokerralla. <\/p>\n\n\n\n<p>Hyv\u00e4n vaipan reisiaukko on sellainen, ett\u00e4 se tulee tiiviimmin tai v\u00e4ljemmin lapsen reiden ymp\u00e4rille. T\u00e4rkeint\u00e4 on, ett\u00e4 sielt\u00e4 ei tule mit\u00e4\u00e4n ulos. <\/p>\n\n\n\n<p>Hyv\u00e4n vaipan takamus on joko iso tai pieni, leve\u00e4 tai kapea, se voi olla matalalla tai korkealla. Malliltaan sen tulee tehd\u00e4 vaipan mittasuhteista vy\u00f6t\u00e4r\u00f6n ja reisien v\u00e4lill\u00e4 toimiva.<\/p>\n\n\n\n<p>Klikkaa t\u00e4st\u00e4 eri sivuille: <a href=\"http:\/\/www.ekorreshop.fi\/index.php\/kestovaipan-kaytto\/kunto\/\" data-type=\"link\" data-id=\"www.ekorreshop.fi\/index.php\/kestovaipan-kaytto\/kunto\/\">vaipan kunto<\/a>; <a href=\"http:\/\/www.ekorreshop.fi\/index.php\/kestovaipan-kaytto\/\">vaipan k\u00e4ytt\u00f6<\/a>; <a href=\"http:\/\/www.ekorreshop.fi\/index.php\/kestovaipan-kaytto\/sailytys\/\" data-type=\"link\" data-id=\"www.ekorreshop.fi\/index.php\/hyvin-istuva-vaippa\/\">vaipan s\u00e4ilytys<\/a>; ja <a href=\"http:\/\/www.ekorreshop.fi\/index.php\/kestovaipan-kaytto\/pesu\/\">vaipan pesu<\/a>.<\/p>\n\n\n\n<p>Kanto istuu hyvin ilman vuotosuojia ja lis\u00e4s\u00e4\u00e4t\u00f6j\u00e4. Se on suunniteltu useiden vuosien kokemuksella ja kymmenien lapsiperheiden palautteen perusteella.<\/p>\n\n\n\n<figure class=\"wp-block-image size-large\"><img loading=\"lazy\" decoding=\"async\" width=\"1024\" height=\"768\" src=\"https:\/\/www.ekorreshop.fi\/wp-content\/uploads\/2024\/01\/Kanto-sisavaippa-1024x768.jpg\" alt=\"\" class=\"wp-image-509\" srcset=\"https:\/\/www.ekorreshop.fi\/wp-content\/uploads\/2024\/01\/Kanto-sisavaippa-1024x768.jpg 1024w, https:\/\/www.ekorreshop.fi\/wp-content\/uploads\/2024\/01\/Kanto-sisavaippa-600x450.jpg 600w, https:\/\/www.ekorreshop.fi\/wp-content\/uploads\/2024\/01\/Kanto-sisavaippa-300x225.jpg 300w, https:\/\/www.ekorreshop.fi\/wp-content\/uploads\/2024\/01\/Kanto-sisavaippa-768x576.jpg 768w, https:\/\/www.ekorreshop.fi\/wp-content\/uploads\/2024\/01\/Kanto-sisavaippa-1536x1152.jpg 1536w, https:\/\/www.ekorreshop.fi\/wp-content\/uploads\/2024\/01\/Kanto-sisavaippa-1140x855.jpg 1140w, https:\/\/www.ekorreshop.fi\/wp-content\/uploads\/2024\/01\/Kanto-sisavaippa.jpg 1612w\" sizes=\"auto, (max-width: 1024px) 100vw, 1024px\" \/><\/figure>\n\n\n\n<p><\/p>\n","protected":false},"excerpt":{"rendered":"<p>Millainen on hyv\u00e4 vaippa? Vaippa istuu hyvin silloin, kun se on paikallaan ja toimii vuotamatta. Jos sinulla on kysytt\u00e4v\u00e4\u00e4 oman lapsesi vaipoista, laita viesti\u00e4 info @ ekorreshop.fi. Hyv\u00e4n vaipan vatsa on sellainen, ett\u00e4 se istuu k\u00e4ytt\u00e4j\u00e4n vy\u00f6t\u00e4r\u00f6lle joko kapeana tai leve\u00e4n\u00e4 niin, ett\u00e4 pukiessa ei tarvi lis\u00e4huomioita ja erityist\u00e4 s\u00e4\u00e4t\u00f6\u00e4 joka vaihtokerralla. Hyv\u00e4n vaipan reisiaukko [&hellip;]<\/p>\n","protected":false},"author":1,"featured_media":0,"parent":0,"menu_order":5,"comment_status":"closed","ping_status":"closed","template":"","meta":{"footnotes":""},"class_list":["post-80","page","type-page","status-publish","hentry"],"_links":{"self":[{"href":"https:\/\/www.ekorreshop.fi\/index.php\/wp-json\/wp\/v2\/pages\/80","targetHints":{"allow":["GET"]}}],"collection":[{"href":"https:\/\/www.ekorreshop.fi\/index.php\/wp-json\/wp\/v2\/pages"}],"about":[{"href":"https:\/\/www.ekorreshop.fi\/index.php\/wp-json\/wp\/v2\/types\/page"}],"author":[{"embeddable":true,"href":"https:\/\/www.ekorreshop.fi\/index.php\/wp-json\/wp\/v2\/users\/1"}],"replies":[{"embeddable":true,"href":"https:\/\/www.ekorreshop.fi\/index.php\/wp-json\/wp\/v2\/comments?post=80"}],"version-history":[{"count":13,"href":"https:\/\/www.ekorreshop.fi\/index.php\/wp-json\/wp\/v2\/pages\/80\/revisions"}],"predecessor-version":[{"id":836,"href":"https:\/\/www.ekorreshop.fi\/index.php\/wp-json\/wp\/v2\/pages\/80\/revisions\/836"}],"wp:attachment":[{"href":"https:\/\/www.ekorreshop.fi\/index.php\/wp-json\/wp\/v2\/media?parent=80"}],"curies":[{"name":"wp","href":"https:\/\/api.w.org\/{rel}","templated":true}]}}