{"id":871,"date":"2026-02-07T10:37:56","date_gmt":"2026-02-07T08:37:56","guid":{"rendered":"https:\/\/www.ekorreshop.fi\/?page_id=871"},"modified":"2026-02-16T22:36:06","modified_gmt":"2026-02-16T20:36:06","slug":"esittely","status":"publish","type":"page","link":"https:\/\/www.ekorreshop.fi\/index.php\/esittely\/","title":{"rendered":"ESITTELY"},"content":{"rendered":"\n<p>Verkkokaupassa on helppoja arkivaippoja p\u00e4iv\u00e4k\u00e4ytt\u00f6\u00f6n. Kun mietit, mik\u00e4 vaippa on helppo ja nopea, Kanto on kuin kertak\u00e4ytt\u00f6vaippa. Se sopii p\u00e4iv\u00e4kotiin ja hoitajille helppoon rutiiniin.<\/p>\n\n\n\n<p>Kestovaippa vaatii investoinnin alkuun, mutta niit\u00e4 ei tarvitse ostaa kaupasta jatkuvasti. Pyykkikone puhdistaa ne helposti, ja investointi sanoo hyv\u00e4stit isoille usein haiseville vaipparoskiksille. <\/p>\n\n\n\n<p>Pesu on jopa muuta pyykki\u00e4 helpompaa, koska lajittelua ei vaadita. Kun muistaa riitt\u00e4v\u00e4n korkean l\u00e4mp\u00f6tilan, vaippa puhdistuu koneessa raikkaaksi ja puhtaaksi.<\/p>\n\n\n\n<p>Toimitus Matkahuollon tai Postin kautta kiinte\u00e4ll\u00e4 hinnalla 7\u20ac, yli 85\u20ac tilaukset ilman toimituskuluja. Kun teet tilauksen, laita muistiinpano tilaukseen, jos haluat tiettyyn automaattiin.<\/p>\n\n\n\n<p>Nouto kauppiaan varastosta Helsingiss\u00e4 ilman erillisi\u00e4 kuluja, ma-su sovittavissa liukuva aika.<\/p>\n\n\n\n<figure class=\"wp-block-gallery has-nested-images columns-default is-cropped wp-block-gallery-1 is-layout-flex wp-block-gallery-is-layout-flex\">\n<figure class=\"wp-block-image size-large\"><a href=\"https:\/\/www.ekorreshop.fi\/index.php\/tuote\/kijani-taskuvaippa-5-15kg\/\"><img loading=\"lazy\" decoding=\"async\" width=\"1024\" height=\"1024\" data-id=\"772\" src=\"https:\/\/www.ekorreshop.fi\/wp-content\/uploads\/2024\/04\/1000021276-1024x1024.jpg\" alt=\"\" class=\"wp-image-772\" srcset=\"https:\/\/www.ekorreshop.fi\/wp-content\/uploads\/2024\/04\/1000021276-1024x1024.jpg 1024w, https:\/\/www.ekorreshop.fi\/wp-content\/uploads\/2024\/04\/1000021276-300x300.jpg 300w, https:\/\/www.ekorreshop.fi\/wp-content\/uploads\/2024\/04\/1000021276-100x100.jpg 100w, https:\/\/www.ekorreshop.fi\/wp-content\/uploads\/2024\/04\/1000021276-600x600.jpg 600w, https:\/\/www.ekorreshop.fi\/wp-content\/uploads\/2024\/04\/1000021276-150x150.jpg 150w, https:\/\/www.ekorreshop.fi\/wp-content\/uploads\/2024\/04\/1000021276-768x768.jpg 768w, https:\/\/www.ekorreshop.fi\/wp-content\/uploads\/2024\/04\/1000021276-75x75.jpg 75w, https:\/\/www.ekorreshop.fi\/wp-content\/uploads\/2024\/04\/1000021276.jpg 1080w\" sizes=\"auto, (max-width: 1024px) 100vw, 1024px\" \/><\/a><\/figure>\n\n\n\n<figure class=\"wp-block-image size-large\"><a href=\"https:\/\/www.ekorreshop.fi\/index.php\/kauppa\/\"><img loading=\"lazy\" decoding=\"async\" width=\"1024\" height=\"1024\" data-id=\"730\" src=\"https:\/\/www.ekorreshop.fi\/wp-content\/uploads\/2024\/04\/1000021170-3-1024x1024.jpg\" alt=\"\" class=\"wp-image-730\" srcset=\"https:\/\/www.ekorreshop.fi\/wp-content\/uploads\/2024\/04\/1000021170-3-1024x1024.jpg 1024w, https:\/\/www.ekorreshop.fi\/wp-content\/uploads\/2024\/04\/1000021170-3-300x300.jpg 300w, https:\/\/www.ekorreshop.fi\/wp-content\/uploads\/2024\/04\/1000021170-3-100x100.jpg 100w, https:\/\/www.ekorreshop.fi\/wp-content\/uploads\/2024\/04\/1000021170-3-600x600.jpg 600w, https:\/\/www.ekorreshop.fi\/wp-content\/uploads\/2024\/04\/1000021170-3-150x150.jpg 150w, https:\/\/www.ekorreshop.fi\/wp-content\/uploads\/2024\/04\/1000021170-3-768x768.jpg 768w, https:\/\/www.ekorreshop.fi\/wp-content\/uploads\/2024\/04\/1000021170-3-75x75.jpg 75w, https:\/\/www.ekorreshop.fi\/wp-content\/uploads\/2024\/04\/1000021170-3.jpg 1080w\" sizes=\"auto, (max-width: 1024px) 100vw, 1024px\" \/><\/a><\/figure>\n\n\n\n<figure class=\"wp-block-image size-large\"><a href=\"https:\/\/www.ekorreshop.fi\/index.php\/tuote\/kijani-taskuvaippa-5-15kg\/\"><img loading=\"lazy\" decoding=\"async\" width=\"1024\" height=\"1024\" data-id=\"770\" src=\"https:\/\/www.ekorreshop.fi\/wp-content\/uploads\/2024\/04\/1000021278-1024x1024.jpg\" alt=\"\" class=\"wp-image-770\" srcset=\"https:\/\/www.ekorreshop.fi\/wp-content\/uploads\/2024\/04\/1000021278-1024x1024.jpg 1024w, https:\/\/www.ekorreshop.fi\/wp-content\/uploads\/2024\/04\/1000021278-300x300.jpg 300w, https:\/\/www.ekorreshop.fi\/wp-content\/uploads\/2024\/04\/1000021278-100x100.jpg 100w, https:\/\/www.ekorreshop.fi\/wp-content\/uploads\/2024\/04\/1000021278-600x600.jpg 600w, https:\/\/www.ekorreshop.fi\/wp-content\/uploads\/2024\/04\/1000021278-150x150.jpg 150w, https:\/\/www.ekorreshop.fi\/wp-content\/uploads\/2024\/04\/1000021278-768x768.jpg 768w, https:\/\/www.ekorreshop.fi\/wp-content\/uploads\/2024\/04\/1000021278-75x75.jpg 75w, https:\/\/www.ekorreshop.fi\/wp-content\/uploads\/2024\/04\/1000021278.jpg 1080w\" sizes=\"auto, (max-width: 1024px) 100vw, 1024px\" \/><\/a><\/figure>\n<\/figure>\n","protected":false},"excerpt":{"rendered":"<p>Verkkokaupassa on helppoja arkivaippoja p\u00e4iv\u00e4k\u00e4ytt\u00f6\u00f6n. Kun mietit, mik\u00e4 vaippa on helppo ja nopea, Kanto on kuin kertak\u00e4ytt\u00f6vaippa. Se sopii p\u00e4iv\u00e4kotiin ja hoitajille helppoon rutiiniin. Kestovaippa vaatii investoinnin alkuun, mutta niit\u00e4 ei tarvitse ostaa kaupasta jatkuvasti. Pyykkikone puhdistaa ne helposti, ja investointi sanoo hyv\u00e4stit isoille usein haiseville vaipparoskiksille. Pesu on jopa muuta pyykki\u00e4 helpompaa, koska lajittelua [&hellip;]<\/p>\n","protected":false},"author":1,"featured_media":0,"parent":0,"menu_order":3,"comment_status":"closed","ping_status":"closed","template":"","meta":{"footnotes":""},"class_list":["post-871","page","type-page","status-publish","hentry"],"_links":{"self":[{"href":"https:\/\/www.ekorreshop.fi\/index.php\/wp-json\/wp\/v2\/pages\/871","targetHints":{"allow":["GET"]}}],"collection":[{"href":"https:\/\/www.ekorreshop.fi\/index.php\/wp-json\/wp\/v2\/pages"}],"about":[{"href":"https:\/\/www.ekorreshop.fi\/index.php\/wp-json\/wp\/v2\/types\/page"}],"author":[{"embeddable":true,"href":"https:\/\/www.ekorreshop.fi\/index.php\/wp-json\/wp\/v2\/users\/1"}],"replies":[{"embeddable":true,"href":"https:\/\/www.ekorreshop.fi\/index.php\/wp-json\/wp\/v2\/comments?post=871"}],"version-history":[{"count":2,"href":"https:\/\/www.ekorreshop.fi\/index.php\/wp-json\/wp\/v2\/pages\/871\/revisions"}],"predecessor-version":[{"id":901,"href":"https:\/\/www.ekorreshop.fi\/index.php\/wp-json\/wp\/v2\/pages\/871\/revisions\/901"}],"wp:attachment":[{"href":"https:\/\/www.ekorreshop.fi\/index.php\/wp-json\/wp\/v2\/media?parent=871"}],"curies":[{"name":"wp","href":"https:\/\/api.w.org\/{rel}","templated":true}]}}