{"id":878,"date":"2026-02-15T15:21:54","date_gmt":"2026-02-15T13:21:54","guid":{"rendered":"https:\/\/www.ekorreshop.fi\/?page_id=878"},"modified":"2026-02-15T17:25:31","modified_gmt":"2026-02-15T15:25:31","slug":"vaippa","status":"publish","type":"page","link":"https:\/\/www.ekorreshop.fi\/index.php\/vaippa\/","title":{"rendered":"VAIPPA"},"content":{"rendered":"\n<p><strong>Mik\u00e4 vaippa lapselle?<\/strong><\/p>\n\n\n\n<p>Kestovaippa. Jos etsit vaihtoehtoja ja monipuolisuutta, tehoa, helppoutta, eri v\u00e4rej\u00e4 tai kierr\u00e4tett\u00e4vyytt\u00e4&#8230; kestovaippa laajentaa vaihtoehtoja vaikka mihin!<\/p>\n\n\n\n<p>Lukuisissa kodeissa on huomattu, kuinka arkinen ja k\u00e4yt\u00e4nn\u00f6llinen tapa kestovaipat lopulta ovat. Tule mukaan kestovaipan vaihtamiseen ja opi oma tapasi! Osalle on ihanaa k\u00e4ytt\u00e4\u00e4 helppoa ja tuttua, kun osa rakastaa erilaisten asioiden kokeilua.<\/p>\n\n\n\n<p>Ekorreshop haluaa saada markkinoille edullisia ja helppok\u00e4ytt\u00f6isi\u00e4 vaippoja, jotka kest\u00e4v\u00e4t k\u00e4ytt\u00f6\u00e4 lapselta toiselle ja pitk\u00e4\u00e4n. Verkkokaupan sivusto sis\u00e4lt\u00e4\u00e4 my\u00f6s kaikkiin vaippoihin sovellettavia k\u00e4ytt\u00f6ohjeita, arjen vinkkej\u00e4, pesua, huoltoa, kuntoa koskevia ja kestovaippojen k\u00e4ytt\u00f6\u00f6n liittyvi\u00e4 asioita yleisell\u00e4 tasolla.<\/p>\n\n\n\n<p>Toimitus Matkahuollon tai Postin kautta kiinte\u00e4ll\u00e4 hinnalla 6\u20ac, yli 85\u20ac tilaukset ilman toimituskuluja. Nouto kauppiaan varastosta Helsingiss\u00e4 ilman erillisi\u00e4 kuluja, ma-su sovittavissa liukuva aika.<\/p>\n\n\n\n<p>Yhteydenotto: puh. 0440679002, saija (at) ekorreshop.fi <\/p>\n\n\n\n<p><em>T:mi Saija Ekorre-Kebede on perustettu 2020, kokeneen kestovaippa- ja kestotuotteiden kokemusasiantuntijan toimesta. Y-tunnus 3142563-4.<\/em><\/p>\n\n\n\n<figure class=\"wp-block-image size-full is-resized\"><img loading=\"lazy\" decoding=\"async\" width=\"512\" height=\"512\" src=\"https:\/\/www.ekorreshop.fi\/wp-content\/uploads\/2024\/01\/cropped-Kopio-Ekorre-shop-logo-1.png\" alt=\"Ekorre shop kestovaipat logo\" class=\"wp-image-546\" style=\"width:386px;height:auto\" srcset=\"https:\/\/www.ekorreshop.fi\/wp-content\/uploads\/2024\/01\/cropped-Kopio-Ekorre-shop-logo-1.png 512w, https:\/\/www.ekorreshop.fi\/wp-content\/uploads\/2024\/01\/cropped-Kopio-Ekorre-shop-logo-1-300x300.png 300w, https:\/\/www.ekorreshop.fi\/wp-content\/uploads\/2024\/01\/cropped-Kopio-Ekorre-shop-logo-1-150x150.png 150w, https:\/\/www.ekorreshop.fi\/wp-content\/uploads\/2024\/01\/cropped-Kopio-Ekorre-shop-logo-1-75x75.png 75w, https:\/\/www.ekorreshop.fi\/wp-content\/uploads\/2024\/01\/cropped-Kopio-Ekorre-shop-logo-1-270x270.png 270w, https:\/\/www.ekorreshop.fi\/wp-content\/uploads\/2024\/01\/cropped-Kopio-Ekorre-shop-logo-1-192x192.png 192w, https:\/\/www.ekorreshop.fi\/wp-content\/uploads\/2024\/01\/cropped-Kopio-Ekorre-shop-logo-1-180x180.png 180w, https:\/\/www.ekorreshop.fi\/wp-content\/uploads\/2024\/01\/cropped-Kopio-Ekorre-shop-logo-1-32x32.png 32w\" sizes=\"auto, (max-width: 512px) 100vw, 512px\" \/><figcaption class=\"wp-element-caption\">www.ekorreshop.fi<br>Y3142563-4.<\/figcaption><\/figure>\n","protected":false},"excerpt":{"rendered":"<p>Mik\u00e4 vaippa lapselle? Kestovaippa. Jos etsit vaihtoehtoja ja monipuolisuutta, tehoa, helppoutta, eri v\u00e4rej\u00e4 tai kierr\u00e4tett\u00e4vyytt\u00e4&#8230; kestovaippa laajentaa vaihtoehtoja vaikka mihin! Lukuisissa kodeissa on huomattu, kuinka arkinen ja k\u00e4yt\u00e4nn\u00f6llinen tapa kestovaipat lopulta ovat. Tule mukaan kestovaipan vaihtamiseen ja opi oma tapasi! Osalle on ihanaa k\u00e4ytt\u00e4\u00e4 helppoa ja tuttua, kun osa rakastaa erilaisten asioiden kokeilua. Ekorreshop haluaa [&hellip;]<\/p>\n","protected":false},"author":1,"featured_media":0,"parent":0,"menu_order":0,"comment_status":"closed","ping_status":"closed","template":"","meta":{"footnotes":""},"class_list":["post-878","page","type-page","status-publish","hentry"],"_links":{"self":[{"href":"https:\/\/www.ekorreshop.fi\/index.php\/wp-json\/wp\/v2\/pages\/878","targetHints":{"allow":["GET"]}}],"collection":[{"href":"https:\/\/www.ekorreshop.fi\/index.php\/wp-json\/wp\/v2\/pages"}],"about":[{"href":"https:\/\/www.ekorreshop.fi\/index.php\/wp-json\/wp\/v2\/types\/page"}],"author":[{"embeddable":true,"href":"https:\/\/www.ekorreshop.fi\/index.php\/wp-json\/wp\/v2\/users\/1"}],"replies":[{"embeddable":true,"href":"https:\/\/www.ekorreshop.fi\/index.php\/wp-json\/wp\/v2\/comments?post=878"}],"version-history":[{"count":3,"href":"https:\/\/www.ekorreshop.fi\/index.php\/wp-json\/wp\/v2\/pages\/878\/revisions"}],"predecessor-version":[{"id":891,"href":"https:\/\/www.ekorreshop.fi\/index.php\/wp-json\/wp\/v2\/pages\/878\/revisions\/891"}],"wp:attachment":[{"href":"https:\/\/www.ekorreshop.fi\/index.php\/wp-json\/wp\/v2\/media?parent=878"}],"curies":[{"name":"wp","href":"https:\/\/api.w.org\/{rel}","templated":true}]}}