{"id":578,"date":"2024-02-22T17:22:46","date_gmt":"2024-02-22T15:22:46","guid":{"rendered":"https:\/\/www.ekorreshop.fi\/?post_type=product&#038;p=578"},"modified":"2026-04-14T22:12:52","modified_gmt":"2026-04-14T19:12:52","slug":"kanto-all-in-one-etutarroilla-s-koko","status":"publish","type":"product","link":"https:\/\/www.ekorreshop.fi\/index.php\/tuote\/kanto-all-in-one-etutarroilla-s-koko\/","title":{"rendered":"Kanto All-in-One etutarroilla S-koko"},"content":{"rendered":"<p>Kanto-kestovaipoista saat helpot, selke\u00e4t kestovaipat lapsiarkeen.<\/p>\n<p>Kun mietit, mit\u00e4 vaippoja lapselle hankkia, Kanto muistuttaa kertak\u00e4ytt\u00f6ist\u00e4 ja hyvin intuitiivinen k\u00e4ytt\u00e4\u00e4.<\/p>\n<p>Kaksi kattavaa kokoa, n. 4-8kg ja n. 7-16kg S ja M. All-in-One on vaippa, jossa imu on ommeltu kiinni taskun reunan. V\u00e4h\u00e4n osia ja paljon funktionaalisuutta!<\/p>\n<p>Etutarrallisen vaipan t\u00e4ytt\u00f6aukko on edess\u00e4.<\/p>\n<p>Avainsanoja Kanto-vaipoille: edullinen, kikkailematon, pelkistetty, helppo.<\/p>\n<p>Kanto-vaippojen suomalainen suunnittelu on nerokas, ompelu ja materiaalit laadukasta tilausty\u00f6t\u00e4 Suomesta ja EU:sta.<\/p>\n","protected":false},"excerpt":{"rendered":"<p>All-in-One on valmiiksi yhteen imuun yhdistetty &#8221;t\u00e4yte tty&#8221; taskuvaippa eli selkovaippa.<br \/>\nSen imu on ommeltu taskun reunaan niin, ett\u00e4 pesusta tullessa on vaipassa sen oma imu kiinni!<\/p>\n<p>Imun voi j\u00e4tt\u00e4\u00e4 vaipan p\u00e4\u00e4lle, luomupuuvilla ihoa vasten, tai taskun sis\u00e4\u00e4n, jolloin vaipasta tulee kuivapintainen.<\/p>\n<p>Osa lapsista viihtyy vain kuivassa vaipassa. Osalla taas on t\u00e4rke\u00e4\u00e4, ett\u00e4 neste ja maitokakka tarttuu niin pian kuin mahdollista ihoa l\u00e4hinn\u00e4 olevaan imukerrokseen, ja frotee on siihen loistava sieppari. Kokeilemalla l\u00f6ytyy paras vaihtoehto.<\/p>\n<p>Vaipan oma imu riitt\u00e4\u00e4 yksin\u00e4\u00e4n keskim\u00e4\u00e4rin 1,5-3h vaihtov\u00e4leille, ja taskussa on reilusti tilaa lis\u00e4imuille kasvaviin tarpeisiin. Lis\u00e4imut voi ostaa my\u00f6hemmin, jos ei osaa arvioida etuk\u00e4teen. H\u00e4t\u00e4varana kotoa l\u00f6ytyy varmasti esimerkiksi pieni\u00e4 laudeliinoja tai harsoja.<\/p>\n<p>Jos imu on p\u00e4\u00e4ll\u00e4, voi mahdolliset lis\u00e4imut laittaa taskun sis\u00e4\u00e4n, ja vaippa pysyy kuosissaan. Lis\u00e4imut pysyv\u00e4t kuitenkin hyvin my\u00f6s pelk\u00e4n imun avulla imun ja &#8221;taskuosan&#8221; v\u00e4liss\u00e4.<\/p>\n","protected":false},"featured_media":711,"comment_status":"open","ping_status":"closed","template":"","meta":[],"product_brand":[],"product_cat":[57],"product_tag":[55,54,56],"class_list":{"0":"post-578","1":"product","2":"type-product","3":"status-publish","4":"has-post-thumbnail","6":"product_cat-taskuvaippa-ja-all-in-one","7":"product_tag-all-in-one","8":"product_tag-kestovaippa","9":"product_tag-suomalainen-kestovaippa","11":"first","12":"instock","13":"taxable","14":"shipping-taxable","15":"purchasable","16":"product-type-simple"},"_links":{"self":[{"href":"https:\/\/www.ekorreshop.fi\/index.php\/wp-json\/wp\/v2\/product\/578","targetHints":{"allow":["GET"]}}],"collection":[{"href":"https:\/\/www.ekorreshop.fi\/index.php\/wp-json\/wp\/v2\/product"}],"about":[{"href":"https:\/\/www.ekorreshop.fi\/index.php\/wp-json\/wp\/v2\/types\/product"}],"replies":[{"embeddable":true,"href":"https:\/\/www.ekorreshop.fi\/index.php\/wp-json\/wp\/v2\/comments?post=578"}],"wp:featuredmedia":[{"embeddable":true,"href":"https:\/\/www.ekorreshop.fi\/index.php\/wp-json\/wp\/v2\/media\/711"}],"wp:attachment":[{"href":"https:\/\/www.ekorreshop.fi\/index.php\/wp-json\/wp\/v2\/media?parent=578"}],"wp:term":[{"taxonomy":"product_brand","embeddable":true,"href":"https:\/\/www.ekorreshop.fi\/index.php\/wp-json\/wp\/v2\/product_brand?post=578"},{"taxonomy":"product_cat","embeddable":true,"href":"https:\/\/www.ekorreshop.fi\/index.php\/wp-json\/wp\/v2\/product_cat?post=578"},{"taxonomy":"product_tag","embeddable":true,"href":"https:\/\/www.ekorreshop.fi\/index.php\/wp-json\/wp\/v2\/product_tag?post=578"}],"curies":[{"name":"wp","href":"https:\/\/api.w.org\/{rel}","templated":true}]}}