{"id":773,"date":"2024-04-08T20:09:11","date_gmt":"2024-04-08T17:09:11","guid":{"rendered":"https:\/\/www.ekorreshop.fi\/?post_type=product&#038;p=773"},"modified":"2025-05-01T14:19:37","modified_gmt":"2025-05-01T11:19:37","slug":"kijani-taskuvaippa-5-15kg","status":"publish","type":"product","link":"https:\/\/www.ekorreshop.fi\/index.php\/tuote\/kijani-taskuvaippa-5-15kg\/","title":{"rendered":"Kijani taskuvaippa 5-15kg"},"content":{"rendered":"<p>Taskuvaippa on helppo vaihtoehto, johon voi itse s\u00e4\u00e4t\u00e4\u00e4 vy\u00f6t\u00e4r\u00f6n leveytt\u00e4, vaipan korkeutta ja t\u00e4ytt\u00f6asteen m\u00e4\u00e4r\u00e4\u00e4. Pesu 60C.<\/p>\n<p>Tasku tulee ilman imua, ja voi ostaa kaupasta tai k\u00e4ytt\u00e4\u00e4 kotoa l\u00f6ytyv\u00e4\u00e4 materiaalia.<\/p>\n<p>Vaipan valmistusmaa Uganda.Yritys ty\u00f6llist\u00e4\u00e4 \u00e4itej\u00e4 ja naisia ja auttaa heit\u00e4 osallistumaan yhteiskuntaan Ugandassa. Kijani kestovaippa on helppo vaippa vauvalle, joka kaipaa ohuempaa sis\u00e4pintaa taskuvaipassa.<\/p>\n<p>Pul-kangas ja sis\u00e4pinnat coolmax valmistettu Kiinassa.<\/p>\n","protected":false},"excerpt":{"rendered":"<p>Taskuvaippa on helppo vaihtoehto, johon voi itse s\u00e4\u00e4t\u00e4\u00e4 vy\u00f6t\u00e4r\u00f6n leveytt\u00e4, vaipan korkeutta ja t\u00e4ytt\u00f6asteen m\u00e4\u00e4r\u00e4\u00e4. Pesu 60C. Tasku tulee ilman imua, ja voi ostaa kaupasta tai k\u00e4ytt\u00e4\u00e4 kotoa l\u00f6ytyv\u00e4\u00e4 materiaalia. Vaipan valmistusmaa Uganda.Yritys ty\u00f6llist\u00e4\u00e4 \u00e4itej\u00e4 ja naisia ja auttaa heit\u00e4 osallistumaan yhteiskuntaan Ugandassa. Kijani kestovaippa on helppo vaippa vauvalle, joka kaipaa ohuempaa sis\u00e4pintaa taskuvaipassa. Pul-kangas [&hellip;]<\/p>\n","protected":false},"featured_media":772,"comment_status":"open","ping_status":"closed","template":"","meta":[],"product_brand":[],"product_cat":[57],"product_tag":[],"class_list":{"0":"post-773","1":"product","2":"type-product","3":"status-publish","4":"has-post-thumbnail","6":"product_cat-taskuvaippa-ja-all-in-one","8":"first","9":"instock","10":"taxable","11":"shipping-taxable","12":"purchasable","13":"product-type-variable"},"_links":{"self":[{"href":"https:\/\/www.ekorreshop.fi\/index.php\/wp-json\/wp\/v2\/product\/773","targetHints":{"allow":["GET"]}}],"collection":[{"href":"https:\/\/www.ekorreshop.fi\/index.php\/wp-json\/wp\/v2\/product"}],"about":[{"href":"https:\/\/www.ekorreshop.fi\/index.php\/wp-json\/wp\/v2\/types\/product"}],"replies":[{"embeddable":true,"href":"https:\/\/www.ekorreshop.fi\/index.php\/wp-json\/wp\/v2\/comments?post=773"}],"wp:featuredmedia":[{"embeddable":true,"href":"https:\/\/www.ekorreshop.fi\/index.php\/wp-json\/wp\/v2\/media\/772"}],"wp:attachment":[{"href":"https:\/\/www.ekorreshop.fi\/index.php\/wp-json\/wp\/v2\/media?parent=773"}],"wp:term":[{"taxonomy":"product_brand","embeddable":true,"href":"https:\/\/www.ekorreshop.fi\/index.php\/wp-json\/wp\/v2\/product_brand?post=773"},{"taxonomy":"product_cat","embeddable":true,"href":"https:\/\/www.ekorreshop.fi\/index.php\/wp-json\/wp\/v2\/product_cat?post=773"},{"taxonomy":"product_tag","embeddable":true,"href":"https:\/\/www.ekorreshop.fi\/index.php\/wp-json\/wp\/v2\/product_tag?post=773"}],"curies":[{"name":"wp","href":"https:\/\/api.w.org\/{rel}","templated":true}]}}